{"id":2166,"date":"2022-08-29T21:05:15","date_gmt":"2022-08-30T00:05:15","guid":{"rendered":"https:\/\/bahiamia.com.ar\/en\/?page_id=2166"},"modified":"2022-09-12T11:21:48","modified_gmt":"2022-09-12T14:21:48","slug":"cabins-in-villa-pehuenia","status":"publish","type":"page","link":"https:\/\/bahiamia.com.ar\/en\/","title":{"rendered":"Home"},"content":{"rendered":"<div class=\"wpb-content-wrapper\"><p>[vc_row type=&#8221;full_width_section&#8221; top_padding=&#8221;0&#8243; bottom_padding=&#8221;0&#8243; bottom_margin=&#8221;0&#8243; class=&#8221;sliderhome occelu&#8221;][vc_column css=&#8221;.vc_custom_1662491393540{margin-top: 0px !important;margin-right: 0px !important;margin-bottom: 0px !important;margin-left: 0px !important;border-top-width: 0px !important;border-right-width: 0px !important;border-bottom-width: 0px !important;border-left-width: 0px !important;padding-top: 0px !important;padding-right: 0px !important;padding-bottom: 0px !important;padding-left: 0px !important;}&#8221;][vc_single_image image=&#8221;2342&#8243; img_size=&#8221;full&#8221; alignment=&#8221;center&#8221; css=&#8221;.vc_custom_1662491406573{margin-bottom: -5px !important;padding-bottom: 0px !important;}&#8221;][\/vc_column][\/vc_row][vc_row type=&#8221;full_width_section&#8221; top_padding=&#8221;0&#8243; bottom_padding=&#8221;0&#8243; bottom_margin=&#8221;0&#8243; class=&#8221;sliderhome ocpc&#8221;][vc_column css=&#8221;.vc_custom_1661820699888{margin-top: 0px !important;margin-right: 0px !important;margin-bottom: 0px !important;margin-left: 0px !important;border-top-width: 0px !important;border-right-width: 0px !important;border-bottom-width: 0px !important;border-left-width: 0px !important;padding-top: 0px !important;padding-right: 0px !important;padding-bottom: 0px !important;padding-left: 0px !important;}&#8221;][vc_single_image image=&#8221;2342&#8243; img_size=&#8221;large&#8221; alignment=&#8221;center&#8221; css=&#8221;.vc_custom_1662491424892{margin-bottom: -5px !important;padding-bottom: 0px !important;}&#8221;][\/vc_column][\/vc_row][vc_row type=&#8221;full_width_section&#8221; bg_color=&#8221;#ffffff&#8221; top_padding=&#8221;0&#8243; bottom_padding=&#8221;0&#8243; top_margin=&#8221;0&#8243; bottom_margin=&#8221;30&#8243; class=&#8221;cabhome&#8221;][vc_column css=&#8221;.vc_custom_1507652632081{margin-top: 0px !important;margin-right: 0px !important;margin-bottom: 0px !important;margin-left: 0px !important;border-top-width: 0px !important;border-right-width: 0px !important;border-bottom-width: 0px !important;border-left-width: 0px !important;padding-top: 0px !important;padding-right: 0px !important;padding-bottom: 0px !important;padding-left: 0px !important;background-color: #1c1c1c !important;}&#8221;]<!-- BEGIN .content-wrapper-outer -->\n\t<section class=\".content-wrapper-outer clearfix call-to-action-1-section\" style=\"background:url() no-repeat center top;\">\n\n\t\t<div class=\"call-to-action-1-section-inner\">\n\n\t\t\t<h3>Book online now and enjoy a relaxing stay<\/h3>\n\t\t\t<a href=\"\/en\/bookings\" class=\"button0\">Book now<i class=\"fa fa-angle-right\"><\/i><\/a>\n\n\t\t<\/div>\n\n\t<!-- END .content-wrapper-outer -->\n\t<\/section>[\/vc_column][\/vc_row][vc_row top_margin=&#8221;30&#8243; bottom_margin=&#8221;20&#8243;][vc_column el_class=&#8221;presentacion&#8221;]<div class=\"qns-welcome-section\"><h1>Cabins in Villa Pehuenia<\/h1>\n<div class=\"title-block-1\"><\/div>\n<h3><\/h3>\n<p><\/p>\n<a href=\"\" class=\"button0\"> <i class=\"fa fa-angle-right\"><\/i><\/a><\/div>[vc_row_inner][vc_column_inner width=&#8221;1\/2&#8243;][vc_column_text css=&#8221;.vc_custom_1662992456975{margin-bottom: 20px !important;padding-bottom: 0px !important;}&#8221;]<strong>Bah\u00edam\u00eda Cabins<\/strong> is located in Villa Pehuenia, on the banks of the Alumin\u00e9 lake. Each cabin has all the details of comfort and distinction in a magical environment, on 6 hectares with native forests, a beautiful bay with a sandy beach of 150 meters a few steps from the cabins and a total of approximately 400 meters of coastline Lake Alumin\u00e9. Ideal to live an unforgettable experience, full of peace, nature and comfort.<\/p>\n<p>The property has an internal lagoon, the topography of the land is varied: important plans as well as very high areas where spectacular views abound with just walking along some trails between the \u00f1ires, maitenes, araucarias, radales and coihues.[\/vc_column_text][vc_column_text css=&#8221;.vc_custom_1662992484939{margin-bottom: 0px !important;padding-bottom: 0px !important;}&#8221;]<\/p>\n<h4 style=\"text-align: center;\"><strong>Testimonials from our Guests<\/strong><\/h4>\n<p>[\/vc_column_text]\t\n\t\n\t\n\t\t\n\t\t<!-- BEGIN .testimonial-wrapper-outer -->\n\t\t<div class=\"testimonial-wrapper-outer\">\n\n\t\t\t<!-- BEGIN .testimonial-list-wrapper -->\n\t\t\t<div class=\"testimonial-list-wrapper owl-carousel3\">\n\n\t\t\t\t\n\t\t\t\t\t\n\t\t\t\t\t<!-- BEGIN .testimonial-wrapper -->\n\t\t\t\t\t<div class=\"testimonial-wrapper\">\n\t\t\t\t\t\t\n\t\t\t\t\t\t\t\t\t\t\t\t\n\t\t\t\t\t\t<div><span class=\"qns-open-quote\">\u201c<\/span>The place and the cabins are dreamed, the attention of their magnificent owners are in all the details, we would return without hesitation....<span class=\"qns-close-quote\">\u201d<\/span><\/div>\n\n\t\t\t\t\t\t\n\t\t\t\t\t\t<div class=\"testimonial-author\"><p>Ana N - Traveled in July 2016<\/p><\/div>\n\n\t\t\t\t\t<!-- END .testimonial-wrapper -->\n\t\t\t\t\t<\/div>\n\n\t\t\t\t\n\t\t\t\t\t\n\t\t\t\t\t<!-- BEGIN .testimonial-wrapper -->\n\t\t\t\t\t<div class=\"testimonial-wrapper\">\n\t\t\t\t\t\t\n\t\t\t\t\t\t\t\t\t\t\t\t\n\t\t\t\t\t\t<div><span class=\"qns-open-quote\">\u201c<\/span>Beautiful, amazing place with beach on the Alumine lake. Cabins built with very good taste, excellent view and not to mention the warmth and good...<span class=\"qns-close-quote\">\u201d<\/span><\/div>\n\n\t\t\t\t\t\t\n\t\t\t\t\t\t<div class=\"testimonial-author\"><p>Fer M - Traveled in July of 2017<\/p><\/div>\n\n\t\t\t\t\t<!-- END .testimonial-wrapper -->\n\t\t\t\t\t<\/div>\n\n\t\t\t\t\n\t\t\t<!-- END .testimonial-list-wrapper -->\n\t\t\t<\/div>\n\n\t\t<!-- END .testimonial-wrapper-outer -->\n\t\t<\/div>\n\t\n\n\t\n\t[vc_column_text el_class=&#8221;recomendaciones&#8221; css=&#8221;.vc_custom_1662992498660{margin-bottom: 0px !important;padding-top: 5px !important;padding-bottom: 0px !important;}&#8221;]<\/p>\n<p style=\"text-align: center;\"><a href=\"https:\/\/bahiamia.com.ar\/bm\/wp-content\/uploads\/2022\/08\/tripadvisor.webp\" target=\"_blank\" rel=\"noopener noreferrer\"><img loading=\"lazy\" decoding=\"async\" class=\"wp-image-2053 aligncenter\" src=\"https:\/\/bahiamia.com.ar\/bm\/wp-content\/uploads\/2022\/08\/tripadvisor.webp\" alt=\"\" width=\"77\" height=\"43\" \/><\/a><a href=\"https:\/\/www.tripadvisor.com.ar\/Hotel_Review-g316036-d7394174-Reviews-Cabanas_Bahiamia-Villa_Pehuenia_Province_of_Neuquen_Patagonia.html\" target=\"_blank\" rel=\"noopener noreferrer\">See recommendations on Tripadvisor<\/a><\/p>\n<p>[\/vc_column_text][\/vc_column_inner][vc_column_inner width=&#8221;1\/2&#8243;][vc_single_image image=&#8221;2405&#8243; img_size=&#8221;full&#8221; alignment=&#8221;center&#8221;][\/vc_column_inner][\/vc_row_inner][vc_raw_html]JTNDc3R5bGUlM0Vib2R5JTIwLndwYl9nYWxsZXJ5X3NsaWRlcyUyMHVsJTIwbGklMkMlMjAud3BiX2dhbGxlcnlfc2xpZGVzJTIwdWwuc2xpZGVzJTdCbGlzdC1zdHlsZSUzQSUyMG5vbmUlM0JwYWRkaW5nJTNBJTIwMCUzQmJhY2tncm91bmQtaW1hZ2UlM0ElMjBub25lJTNCbWFyZ2luJTNBJTIwMCUzQiU3RC52Y19jb2x1bW5fY29udGFpbmVyJTNFLnZjX2NvbHVtbi1pbm5lciU3QmJveC1zaXppbmclM0ElMjBib3JkZXItYm94JTNCJTIwd2lkdGglM0ElMjAxMDAlMjUlM0IlN0QudmNfY29sdW1uX2NvbnRhaW5lciUzRS52Y19jb2x1bW4taW5uZXIlN0Jib3gtc2l6aW5nJTNBJTIwYm9yZGVyLWJveCUzQnBhZGRpbmctbGVmdCUzQSUyMDE1cHglM0JwYWRkaW5nLXJpZ2h0JTNBJTIwMTVweCUzQndpZHRoJTNBJTIwMTAwJTI1JTNCJTdELnRlc3RpbW9uaWFsLXdyYXBwZXIlN0JwYWRkaW5nJTNBJTIwMTNweCUyMDEwcHglMjAwJTNCJTdELnRlc3RpbW9uaWFsLXdyYXBwZXIlMjBkaXYlMjBzcGFuLnFucy1vcGVuLXF1b3RlJTJDJTIwLnRlc3RpbW9uaWFsLXdyYXBwZXIlMjBkaXYlMjBzcGFuLnFucy1jbG9zZS1xdW90ZSU3QmZvbnQtc2l6ZSUzQSUyMDk1cHglM0IlN0QudGVzdGltb25pYWwtYXV0aG9yJTdCJTIwbWFyZ2luLXRvcCUzQSUyMDhweCUyMWltcG9ydGFudCUzQiU3RC5yZWNvbWVuZGFjaW9uZXMlMjAuYWxpZ25jZW50ZXIlMkMlMjAucmVjb21lbmRhY2lvbmVzJTIwaW1nLmFsaWduY2VudGVyJTIwJTdCbWFyZ2luJTNBJTIwMTBweCUyMGF1dG8lMjAxMHB4JTNCJTdELnRlc3RpbW9uaWFsLXdyYXBwZXIlMjBkaXYlMjBzcGFuLnFucy1jbG9zZS1xdW90ZSU3QnJpZ2h0JTNBJTIwLTQwcHglM0IlN0QudGVzdGltb25pYWwtd3JhcHBlciUyMGRpdiUyMHNwYW4ucW5zLW9wZW4tcXVvdGUlN0JsZWZ0JTNBJTIwLTQwcHglM0IlN0QlNDBtZWRpYSUyMCUyOG1pbi13aWR0aCUzQSUyMDc2OHB4JTI5JTdCLnZjX2NvbC1zbS02JTdCd2lkdGglM0ElMjA1MCUyNSUzQmZsb2F0JTNBJTIwbGVmdCUzQiU3RCU3RC53cGJfc2luZ2xlX2ltYWdlJTIwaW1nJTdCaGVpZ2h0JTNBJTIwYXV0byUzQm1heC13aWR0aCUzQSUyMDEwMCUyNSUzQiU3RCUzQyUyRnN0eWxlJTNF[\/vc_raw_html][\/vc_column][\/vc_row]<\/p>\n<\/div>","protected":false},"excerpt":{"rendered":"<p>[vc_row type=&#8221;full_width_section&#8221; top_padding=&#8221;0&#8243; bottom_padding=&#8221;0&#8243; bottom_margin=&#8221;0&#8243; class=&#8221;sliderhome occelu&#8221;][vc_column css=&#8221;.vc_custom_1662491393540{margin-top: 0px !important;margin-right: 0px !important;margin-bottom: 0px !important;margin-left: 0px !important;border-top-width: 0px !important;border-right-width: 0px !important;border-bottom-width: 0px !important;border-left-width: 0px !important;padding-top: 0px !important;padding-right: 0px !important;padding-bottom: 0px !important;padding-left: 0px !important;}&#8221;][vc_single_image image=&#8221;2342&#8243; img_size=&#8221;full&#8221; alignment=&#8221;center&#8221; css=&#8221;.vc_custom_1662491406573{margin-bottom: -5px !important;padding-bottom: 0px !important;}&#8221;][\/vc_column][\/vc_row][vc_row type=&#8221;full_width_section&#8221; top_padding=&#8221;0&#8243; bottom_padding=&#8221;0&#8243; bottom_margin=&#8221;0&#8243; class=&#8221;sliderhome ocpc&#8221;][vc_column css=&#8221;.vc_custom_1661820699888{margin-top: 0px !important;margin-right: 0px !important;margin-bottom: 0px !important;margin-left: 0px !important;border-top-width:<\/p>\n","protected":false},"author":1,"featured_media":0,"parent":0,"menu_order":0,"comment_status":"closed","ping_status":"closed","template":"","meta":{"footnotes":""},"class_list":["post-2166","page","type-page","status-publish","hentry"],"yoast_head":"<!-- This site is optimized with the Yoast SEO plugin v27.2 - https:\/\/yoast.com\/product\/yoast-seo-wordpress\/ -->\n<title>Cabins in Villa Pehuenia<\/title>\n<meta name=\"description\" content=\"Beautiful cabins in Villa Pehuenia, Neuqu\u00e9n, Argentine patagonia, the most beautiful place to enjoy the Andes mountains.\" \/>\n<meta name=\"robots\" content=\"index, follow, max-snippet:-1, max-image-preview:large, max-video-preview:-1\" \/>\n<link rel=\"canonical\" href=\"https:\/\/bahiamia.com.ar\/en\/\" \/>\n<meta property=\"og:locale\" content=\"en_US\" \/>\n<meta property=\"og:type\" content=\"article\" \/>\n<meta property=\"og:title\" content=\"Cabins in Villa Pehuenia\" \/>\n<meta property=\"og:description\" content=\"Beautiful cabins in Villa Pehuenia, Neuqu\u00e9n, Argentine patagonia, the most beautiful place to enjoy the Andes mountains.\" \/>\n<meta property=\"og:url\" content=\"https:\/\/bahiamia.com.ar\/en\/\" \/>\n<meta property=\"og:site_name\" content=\"Caba\u00f1as Bah\u00edam\u00eda\" \/>\n<meta property=\"article:publisher\" content=\"https:\/\/www.facebook.com\/cabaniasbahiamia\" \/>\n<meta property=\"article:modified_time\" content=\"2022-09-12T14:21:48+00:00\" \/>\n<meta property=\"og:image\" content=\"https:\/\/bahiamia.com.ar\/bm\/wp-content\/uploads\/2022\/08\/tripadvisor.webp\" \/>\n<meta name=\"twitter:card\" content=\"summary_large_image\" \/>\n<meta name=\"twitter:label1\" content=\"Est. reading time\" \/>\n\t<meta name=\"twitter:data1\" content=\"2 minutes\" \/>\n<script type=\"application\/ld+json\" class=\"yoast-schema-graph\">{\"@context\":\"https:\/\/schema.org\",\"@graph\":[{\"@type\":\"WebPage\",\"@id\":\"https:\/\/bahiamia.com.ar\/en\/\",\"url\":\"https:\/\/bahiamia.com.ar\/en\/\",\"name\":\"Cabins in Villa Pehuenia\",\"isPartOf\":{\"@id\":\"https:\/\/bahiamia.com.ar\/#website\"},\"primaryImageOfPage\":{\"@id\":\"https:\/\/bahiamia.com.ar\/en\/#primaryimage\"},\"image\":{\"@id\":\"https:\/\/bahiamia.com.ar\/en\/#primaryimage\"},\"thumbnailUrl\":\"https:\/\/bahiamia.com.ar\/bm\/wp-content\/uploads\/2022\/08\/tripadvisor.webp\",\"datePublished\":\"2022-08-30T00:05:15+00:00\",\"dateModified\":\"2022-09-12T14:21:48+00:00\",\"description\":\"Beautiful cabins in Villa Pehuenia, Neuqu\u00e9n, Argentine patagonia, the most beautiful place to enjoy the Andes mountains.\",\"breadcrumb\":{\"@id\":\"https:\/\/bahiamia.com.ar\/en\/#breadcrumb\"},\"inLanguage\":\"en-US\",\"potentialAction\":[{\"@type\":\"ReadAction\",\"target\":[\"https:\/\/bahiamia.com.ar\/en\/\"]}]},{\"@type\":\"ImageObject\",\"inLanguage\":\"en-US\",\"@id\":\"https:\/\/bahiamia.com.ar\/en\/#primaryimage\",\"url\":\"https:\/\/bahiamia.com.ar\/bm\/wp-content\/uploads\/2022\/08\/tripadvisor.webp\",\"contentUrl\":\"https:\/\/bahiamia.com.ar\/bm\/wp-content\/uploads\/2022\/08\/tripadvisor.webp\"},{\"@type\":\"BreadcrumbList\",\"@id\":\"https:\/\/bahiamia.com.ar\/en\/#breadcrumb\",\"itemListElement\":[{\"@type\":\"ListItem\",\"position\":1,\"name\":\"Home\",\"item\":\"https:\/\/bahiamia.com.ar\/en\/\"},{\"@type\":\"ListItem\",\"position\":2,\"name\":\"Home\"}]},{\"@type\":\"WebSite\",\"@id\":\"https:\/\/bahiamia.com.ar\/#website\",\"url\":\"https:\/\/bahiamia.com.ar\/\",\"name\":\"Caba\u00f1as Bah\u00edam\u00eda\",\"description\":\"Villa Pehuenia - Patagonia Argentina\",\"potentialAction\":[{\"@type\":\"SearchAction\",\"target\":{\"@type\":\"EntryPoint\",\"urlTemplate\":\"https:\/\/bahiamia.com.ar\/?s={search_term_string}\"},\"query-input\":{\"@type\":\"PropertyValueSpecification\",\"valueRequired\":true,\"valueName\":\"search_term_string\"}}],\"inLanguage\":\"en-US\"}]}<\/script>\n<!-- \/ Yoast SEO plugin. -->","yoast_head_json":{"title":"Cabins in Villa Pehuenia","description":"Beautiful cabins in Villa Pehuenia, Neuqu\u00e9n, Argentine patagonia, the most beautiful place to enjoy the Andes mountains.","robots":{"index":"index","follow":"follow","max-snippet":"max-snippet:-1","max-image-preview":"max-image-preview:large","max-video-preview":"max-video-preview:-1"},"canonical":"https:\/\/bahiamia.com.ar\/en\/","og_locale":"en_US","og_type":"article","og_title":"Cabins in Villa Pehuenia","og_description":"Beautiful cabins in Villa Pehuenia, Neuqu\u00e9n, Argentine patagonia, the most beautiful place to enjoy the Andes mountains.","og_url":"https:\/\/bahiamia.com.ar\/en\/","og_site_name":"Caba\u00f1as Bah\u00edam\u00eda","article_publisher":"https:\/\/www.facebook.com\/cabaniasbahiamia","article_modified_time":"2022-09-12T14:21:48+00:00","og_image":[{"url":"https:\/\/bahiamia.com.ar\/bm\/wp-content\/uploads\/2022\/08\/tripadvisor.webp","type":"","width":"","height":""}],"twitter_card":"summary_large_image","twitter_misc":{"Est. reading time":"2 minutes"},"schema":{"@context":"https:\/\/schema.org","@graph":[{"@type":"WebPage","@id":"https:\/\/bahiamia.com.ar\/en\/","url":"https:\/\/bahiamia.com.ar\/en\/","name":"Cabins in Villa Pehuenia","isPartOf":{"@id":"https:\/\/bahiamia.com.ar\/#website"},"primaryImageOfPage":{"@id":"https:\/\/bahiamia.com.ar\/en\/#primaryimage"},"image":{"@id":"https:\/\/bahiamia.com.ar\/en\/#primaryimage"},"thumbnailUrl":"https:\/\/bahiamia.com.ar\/bm\/wp-content\/uploads\/2022\/08\/tripadvisor.webp","datePublished":"2022-08-30T00:05:15+00:00","dateModified":"2022-09-12T14:21:48+00:00","description":"Beautiful cabins in Villa Pehuenia, Neuqu\u00e9n, Argentine patagonia, the most beautiful place to enjoy the Andes mountains.","breadcrumb":{"@id":"https:\/\/bahiamia.com.ar\/en\/#breadcrumb"},"inLanguage":"en-US","potentialAction":[{"@type":"ReadAction","target":["https:\/\/bahiamia.com.ar\/en\/"]}]},{"@type":"ImageObject","inLanguage":"en-US","@id":"https:\/\/bahiamia.com.ar\/en\/#primaryimage","url":"https:\/\/bahiamia.com.ar\/bm\/wp-content\/uploads\/2022\/08\/tripadvisor.webp","contentUrl":"https:\/\/bahiamia.com.ar\/bm\/wp-content\/uploads\/2022\/08\/tripadvisor.webp"},{"@type":"BreadcrumbList","@id":"https:\/\/bahiamia.com.ar\/en\/#breadcrumb","itemListElement":[{"@type":"ListItem","position":1,"name":"Home","item":"https:\/\/bahiamia.com.ar\/en\/"},{"@type":"ListItem","position":2,"name":"Home"}]},{"@type":"WebSite","@id":"https:\/\/bahiamia.com.ar\/#website","url":"https:\/\/bahiamia.com.ar\/","name":"Caba\u00f1as Bah\u00edam\u00eda","description":"Villa Pehuenia - Patagonia Argentina","potentialAction":[{"@type":"SearchAction","target":{"@type":"EntryPoint","urlTemplate":"https:\/\/bahiamia.com.ar\/?s={search_term_string}"},"query-input":{"@type":"PropertyValueSpecification","valueRequired":true,"valueName":"search_term_string"}}],"inLanguage":"en-US"}]}},"_links":{"self":[{"href":"https:\/\/bahiamia.com.ar\/en\/wp-json\/wp\/v2\/pages\/2166","targetHints":{"allow":["GET"]}}],"collection":[{"href":"https:\/\/bahiamia.com.ar\/en\/wp-json\/wp\/v2\/pages"}],"about":[{"href":"https:\/\/bahiamia.com.ar\/en\/wp-json\/wp\/v2\/types\/page"}],"author":[{"embeddable":true,"href":"https:\/\/bahiamia.com.ar\/en\/wp-json\/wp\/v2\/users\/1"}],"replies":[{"embeddable":true,"href":"https:\/\/bahiamia.com.ar\/en\/wp-json\/wp\/v2\/comments?post=2166"}],"version-history":[{"count":10,"href":"https:\/\/bahiamia.com.ar\/en\/wp-json\/wp\/v2\/pages\/2166\/revisions"}],"predecessor-version":[{"id":2406,"href":"https:\/\/bahiamia.com.ar\/en\/wp-json\/wp\/v2\/pages\/2166\/revisions\/2406"}],"wp:attachment":[{"href":"https:\/\/bahiamia.com.ar\/en\/wp-json\/wp\/v2\/media?parent=2166"}],"curies":[{"name":"wp","href":"https:\/\/api.w.org\/{rel}","templated":true}]}}