{"id":1137,"date":"2017-11-28T10:41:58","date_gmt":"2017-11-28T13:41:58","guid":{"rendered":"http:\/\/bahiamia.com.ar\/bm\/en\/?page_id=1137"},"modified":"2017-11-28T10:41:58","modified_gmt":"2017-11-28T13:41:58","slug":"news","status":"publish","type":"page","link":"https:\/\/bahiamia.com.ar\/en\/news\/","title":{"rendered":"News"},"content":{"rendered":"<div class=\"wpb-content-wrapper\"><p>[vc_row][vc_column]\t\n\t\t\n\t\t<!-- BEGIN .news-block-wrapper -->\n\t\t<div class=\"news-block-wrapper news-block-wrapper-2-col-listing clearfix\">\n\t\t\t\n\t\t\n\t\t\t\t\t\n\t\t\t\t\t\t\t\n\t\t\t\t<!-- BEGIN .latest-news-block -->\n\t\t\t\t<div id=\"post-1341\" class=\"latest-news-block post-1341 post type-post status-publish format-standard has-post-thumbnail hentry category-uncategorized category-villa-pehuenia-en\">\n\t\t\t\t\t\n\t\t\t\t\t\n\t\t\t\t\t\t<div class=\"latest-news-block-image\">\n\t\t\t\t\t\t\t<a href=\"https:\/\/bahiamia.com.ar\/en\/world-rafting-championship-2018\/\" rel=\"bookmark\" title=\"World Rafting Championship 2018 Alumin\u00e9 river\">\n\t\t\t\t\t\t\t\t\t\t\t\t\t\t\t\t<img decoding=\"async\" src=\"https:\/\/bahiamia.com.ar\/bm\/wp-content\/uploads\/2018\/09\/rafting-entrada.webp\" alt=\"\" \/>\t\t\t\t\t\t\t<\/a>\n\t\t\t\t\t\t<\/div>\n\n\t\t\t\t\t\n\t\t\t\t\t<div class=\"latest-news-block-content\">\n\n\t\t\t\t\t\t<h4><a href=\"https:\/\/bahiamia.com.ar\/en\/world-rafting-championship-2018\/\" rel=\"bookmark\" title=\"World Rafting Championship 2018 Alumin\u00e9 river\">World Rafting Championship 2018 Alumin\u00e9 river<\/a><\/h4>\n\n\t\t\t\t\t\t<!-- BEGIN .news-meta -->\n\t\t\t\t\t\t<div class=\"news-meta clearfix\">\n\t\t\t\t\t\t\t<span class=\"nm-news-date\"><a href=\"https:\/\/bahiamia.com.ar\/en\/world-rafting-championship-2018\/\" rel=\"bookmark\" title=\"World Rafting Championship 2018 Alumin\u00e9 river\">28 July, 2018<\/a><\/span>\n\t\t\t\t\t\t\t<span class=\"nm-news-comments\"><a href=\"https:\/\/bahiamia.com.ar\/en\/world-rafting-championship-2018\/#respond\">No Comments<\/a><\/span>\n\t\t\t\t\t\t<!-- END .news-meta -->\n\t\t\t\t\t\t<\/div>\n\n\t\t\t\t\t\t<div class=\"latest-news-excerpt\">\n\t\t\t\t\t\t\t\t\t\t\t\t\t\t<p>The world rafting 2018 on the Alumin\u00e9 river is just over! from November 4 to 10 Villa Pehuenia, Moquehue and Alumin\u00e9 will host the most important event of the year in Neuqu\u00e9n.<\/p>\n\t\t\t\t\t\t<\/div>\n\n\t\t\t\t\t<\/div>\n\n\t\t\t\t<!-- END .latest-news-block -->\n\t\t\t\t<\/div>\n\t\t\t\t\n\t\t\t\t\t\t\n\t\t\t\t\t\n\t\t\t\t\t\t\t\n\t\t\t\t<!-- BEGIN .latest-news-block -->\n\t\t\t\t<div id=\"post-1128\" class=\"latest-news-block post-1128 post type-post status-publish format-standard has-post-thumbnail hentry category-villa-pehuenia-en\">\n\t\t\t\t\t\n\t\t\t\t\t\n\t\t\t\t\t\t<div class=\"latest-news-block-image\">\n\t\t\t\t\t\t\t<a href=\"https:\/\/bahiamia.com.ar\/en\/villa-pehuenia\/\" rel=\"bookmark\" title=\"VILLA PEHUENIA\">\n\t\t\t\t\t\t\t\t\t\t\t\t\t\t\t\t<img decoding=\"async\" src=\"https:\/\/bahiamia.com.ar\/bm\/wp-content\/uploads\/2021\/05\/20.webp\" alt=\"\" \/>\t\t\t\t\t\t\t<\/a>\n\t\t\t\t\t\t<\/div>\n\n\t\t\t\t\t\n\t\t\t\t\t<div class=\"latest-news-block-content\">\n\n\t\t\t\t\t\t<h4><a href=\"https:\/\/bahiamia.com.ar\/en\/villa-pehuenia\/\" rel=\"bookmark\" title=\"VILLA PEHUENIA\">VILLA PEHUENIA<\/a><\/h4>\n\n\t\t\t\t\t\t<!-- BEGIN .news-meta -->\n\t\t\t\t\t\t<div class=\"news-meta clearfix\">\n\t\t\t\t\t\t\t<span class=\"nm-news-date\"><a href=\"https:\/\/bahiamia.com.ar\/en\/villa-pehuenia\/\" rel=\"bookmark\" title=\"VILLA PEHUENIA\">28 November, 2017<\/a><\/span>\n\t\t\t\t\t\t\t<span class=\"nm-news-comments\"><span>Comments Off<\/span><\/span>\n\t\t\t\t\t\t<!-- END .news-meta -->\n\t\t\t\t\t\t<\/div>\n\n\t\t\t\t\t\t<div class=\"latest-news-excerpt\">\n\t\t\t\t\t\t\t\t\t\t\t\t\t\t<p>Villa Pehuenia is a typical mountain village of the Cordillera de Los Andes, in the province of Neuqu\u00e9n.<\/p>\n\t\t\t\t\t\t<\/div>\n\n\t\t\t\t\t<\/div>\n\n\t\t\t\t<!-- END .latest-news-block -->\n\t\t\t\t<\/div>\n\t\t\t\t\n\t\t\t\t\t\t\n\t\t\t\t\n\t\t<!-- END .news-block-wrapper -->\n\t\t<\/div>\n\t\t\n\t\t\t\t\n\t\t\t\t\n\t\t[\/vc_column][\/vc_row]<\/p>\n<\/div>","protected":false},"excerpt":{"rendered":"<p>[vc_row][vc_column][\/vc_column][\/vc_row]<\/p>\n","protected":false},"author":1,"featured_media":0,"parent":0,"menu_order":0,"comment_status":"closed","ping_status":"closed","template":"","meta":{"footnotes":""},"class_list":["post-1137","page","type-page","status-publish","hentry"],"yoast_head":"<!-- This site is optimized with the Yoast SEO plugin v27.2 - https:\/\/yoast.com\/product\/yoast-seo-wordpress\/ -->\n<title>News - Caba\u00f1as Bah\u00edam\u00eda<\/title>\n<meta name=\"robots\" content=\"index, follow, max-snippet:-1, max-image-preview:large, max-video-preview:-1\" \/>\n<link rel=\"canonical\" href=\"https:\/\/bahiamia.com.ar\/en\/news\/\" \/>\n<meta property=\"og:locale\" content=\"en_US\" \/>\n<meta property=\"og:type\" content=\"article\" \/>\n<meta property=\"og:title\" content=\"News - Caba\u00f1as Bah\u00edam\u00eda\" \/>\n<meta property=\"og:description\" content=\"[vc_row][vc_column][\/vc_column][\/vc_row]\" \/>\n<meta property=\"og:url\" content=\"https:\/\/bahiamia.com.ar\/en\/news\/\" \/>\n<meta property=\"og:site_name\" content=\"Caba\u00f1as Bah\u00edam\u00eda\" \/>\n<meta property=\"article:publisher\" content=\"https:\/\/www.facebook.com\/cabaniasbahiamia\" \/>\n<meta property=\"og:image\" content=\"https:\/\/bahiamia.com.ar\/bm\/wp-content\/uploads\/2019\/03\/slide3-1.jpg\" \/>\n\t<meta property=\"og:image:width\" content=\"800\" \/>\n\t<meta property=\"og:image:height\" content=\"354\" \/>\n\t<meta property=\"og:image:type\" content=\"image\/jpeg\" \/>\n<meta name=\"twitter:card\" content=\"summary_large_image\" \/>\n<script type=\"application\/ld+json\" class=\"yoast-schema-graph\">{\"@context\":\"https:\/\/schema.org\",\"@graph\":[{\"@type\":\"WebPage\",\"@id\":\"https:\/\/bahiamia.com.ar\/en\/news\/\",\"url\":\"https:\/\/bahiamia.com.ar\/en\/news\/\",\"name\":\"News - Caba\u00f1as Bah\u00edam\u00eda\",\"isPartOf\":{\"@id\":\"https:\/\/bahiamia.com.ar\/#website\"},\"datePublished\":\"2017-11-28T13:41:58+00:00\",\"breadcrumb\":{\"@id\":\"https:\/\/bahiamia.com.ar\/en\/news\/#breadcrumb\"},\"inLanguage\":\"en-US\",\"potentialAction\":[{\"@type\":\"ReadAction\",\"target\":[\"https:\/\/bahiamia.com.ar\/en\/news\/\"]}]},{\"@type\":\"BreadcrumbList\",\"@id\":\"https:\/\/bahiamia.com.ar\/en\/news\/#breadcrumb\",\"itemListElement\":[{\"@type\":\"ListItem\",\"position\":1,\"name\":\"Home\",\"item\":\"https:\/\/bahiamia.com.ar\/en\/\"},{\"@type\":\"ListItem\",\"position\":2,\"name\":\"News\"}]},{\"@type\":\"WebSite\",\"@id\":\"https:\/\/bahiamia.com.ar\/#website\",\"url\":\"https:\/\/bahiamia.com.ar\/\",\"name\":\"Caba\u00f1as Bah\u00edam\u00eda\",\"description\":\"Villa Pehuenia - Patagonia Argentina\",\"potentialAction\":[{\"@type\":\"SearchAction\",\"target\":{\"@type\":\"EntryPoint\",\"urlTemplate\":\"https:\/\/bahiamia.com.ar\/?s={search_term_string}\"},\"query-input\":{\"@type\":\"PropertyValueSpecification\",\"valueRequired\":true,\"valueName\":\"search_term_string\"}}],\"inLanguage\":\"en-US\"}]}<\/script>\n<!-- \/ Yoast SEO plugin. -->","yoast_head_json":{"title":"News - Caba\u00f1as Bah\u00edam\u00eda","robots":{"index":"index","follow":"follow","max-snippet":"max-snippet:-1","max-image-preview":"max-image-preview:large","max-video-preview":"max-video-preview:-1"},"canonical":"https:\/\/bahiamia.com.ar\/en\/news\/","og_locale":"en_US","og_type":"article","og_title":"News - Caba\u00f1as Bah\u00edam\u00eda","og_description":"[vc_row][vc_column][\/vc_column][\/vc_row]","og_url":"https:\/\/bahiamia.com.ar\/en\/news\/","og_site_name":"Caba\u00f1as Bah\u00edam\u00eda","article_publisher":"https:\/\/www.facebook.com\/cabaniasbahiamia","og_image":[{"width":800,"height":354,"url":"https:\/\/bahiamia.com.ar\/bm\/wp-content\/uploads\/2019\/03\/slide3-1.jpg","type":"image\/jpeg"}],"twitter_card":"summary_large_image","schema":{"@context":"https:\/\/schema.org","@graph":[{"@type":"WebPage","@id":"https:\/\/bahiamia.com.ar\/en\/news\/","url":"https:\/\/bahiamia.com.ar\/en\/news\/","name":"News - Caba\u00f1as Bah\u00edam\u00eda","isPartOf":{"@id":"https:\/\/bahiamia.com.ar\/#website"},"datePublished":"2017-11-28T13:41:58+00:00","breadcrumb":{"@id":"https:\/\/bahiamia.com.ar\/en\/news\/#breadcrumb"},"inLanguage":"en-US","potentialAction":[{"@type":"ReadAction","target":["https:\/\/bahiamia.com.ar\/en\/news\/"]}]},{"@type":"BreadcrumbList","@id":"https:\/\/bahiamia.com.ar\/en\/news\/#breadcrumb","itemListElement":[{"@type":"ListItem","position":1,"name":"Home","item":"https:\/\/bahiamia.com.ar\/en\/"},{"@type":"ListItem","position":2,"name":"News"}]},{"@type":"WebSite","@id":"https:\/\/bahiamia.com.ar\/#website","url":"https:\/\/bahiamia.com.ar\/","name":"Caba\u00f1as Bah\u00edam\u00eda","description":"Villa Pehuenia - Patagonia Argentina","potentialAction":[{"@type":"SearchAction","target":{"@type":"EntryPoint","urlTemplate":"https:\/\/bahiamia.com.ar\/?s={search_term_string}"},"query-input":{"@type":"PropertyValueSpecification","valueRequired":true,"valueName":"search_term_string"}}],"inLanguage":"en-US"}]}},"_links":{"self":[{"href":"https:\/\/bahiamia.com.ar\/en\/wp-json\/wp\/v2\/pages\/1137","targetHints":{"allow":["GET"]}}],"collection":[{"href":"https:\/\/bahiamia.com.ar\/en\/wp-json\/wp\/v2\/pages"}],"about":[{"href":"https:\/\/bahiamia.com.ar\/en\/wp-json\/wp\/v2\/types\/page"}],"author":[{"embeddable":true,"href":"https:\/\/bahiamia.com.ar\/en\/wp-json\/wp\/v2\/users\/1"}],"replies":[{"embeddable":true,"href":"https:\/\/bahiamia.com.ar\/en\/wp-json\/wp\/v2\/comments?post=1137"}],"version-history":[{"count":1,"href":"https:\/\/bahiamia.com.ar\/en\/wp-json\/wp\/v2\/pages\/1137\/revisions"}],"predecessor-version":[{"id":1138,"href":"https:\/\/bahiamia.com.ar\/en\/wp-json\/wp\/v2\/pages\/1137\/revisions\/1138"}],"wp:attachment":[{"href":"https:\/\/bahiamia.com.ar\/en\/wp-json\/wp\/v2\/media?parent=1137"}],"curies":[{"name":"wp","href":"https:\/\/api.w.org\/{rel}","templated":true}]}}