{"id":1122,"date":"2017-11-28T10:07:36","date_gmt":"2017-11-28T13:07:36","guid":{"rendered":"http:\/\/bahiamia.com.ar\/bm\/en\/?page_id=1122"},"modified":"2017-12-22T12:13:34","modified_gmt":"2017-12-22T15:13:34","slug":"contact","status":"publish","type":"page","link":"https:\/\/bahiamia.com.ar\/en\/contact\/","title":{"rendered":"Contact"},"content":{"rendered":"<div class=\"wpb-content-wrapper\"><p>[vc_row][vc_column width=&#8221;1\/2&#8243;]<h4>Contact Us<\/h4><div class=\"title-block-6\"><\/div>[vc_column_text]For any question, complete the following form:[\/vc_column_text]\n<div class=\"wpcf7 no-js\" id=\"wpcf7-f1139-o1\" lang=\"es-CR\" dir=\"ltr\" data-wpcf7-id=\"1139\">\n<div class=\"screen-reader-response\"><p role=\"status\" aria-live=\"polite\" aria-atomic=\"true\"><\/p> <ul><\/ul><\/div>\n<form action=\"\/en\/wp-json\/wp\/v2\/pages\/1122#wpcf7-f1139-o1\" method=\"post\" class=\"wpcf7-form init\" aria-label=\"Contact form\" novalidate=\"novalidate\" data-status=\"init\">\n<fieldset class=\"hidden-fields-container\"><input type=\"hidden\" name=\"_wpcf7\" value=\"1139\" \/><input type=\"hidden\" name=\"_wpcf7_version\" value=\"6.1.5\" \/><input type=\"hidden\" name=\"_wpcf7_locale\" value=\"es_CR\" \/><input type=\"hidden\" name=\"_wpcf7_unit_tag\" value=\"wpcf7-f1139-o1\" \/><input type=\"hidden\" name=\"_wpcf7_container_post\" value=\"0\" \/><input type=\"hidden\" name=\"_wpcf7_posted_data_hash\" value=\"\" \/><input type=\"hidden\" name=\"_wpcf7_recaptcha_response\" value=\"\" \/>\n<\/fieldset>\n<p><label> Name and surname (*)<br \/>\n<span class=\"wpcf7-form-control-wrap\" data-name=\"your-name\"><input size=\"40\" maxlength=\"400\" class=\"wpcf7-form-control wpcf7-text wpcf7-validates-as-required\" aria-required=\"true\" aria-invalid=\"false\" value=\"\" type=\"text\" name=\"your-name\" \/><\/span> <\/label>\n<\/p>\n<p><label> Email (*)<br \/>\n<span class=\"wpcf7-form-control-wrap\" data-name=\"your-email\"><input size=\"40\" maxlength=\"400\" class=\"wpcf7-form-control wpcf7-email wpcf7-validates-as-required wpcf7-text wpcf7-validates-as-email\" aria-required=\"true\" aria-invalid=\"false\" value=\"\" type=\"email\" name=\"your-email\" \/><\/span> <\/label>\n<\/p>\n<p><label> Phone<br \/>\n<span class=\"wpcf7-form-control-wrap\" data-name=\"your-phone\"><input size=\"40\" maxlength=\"400\" class=\"wpcf7-form-control wpcf7-text\" aria-invalid=\"false\" value=\"\" type=\"text\" name=\"your-phone\" \/><\/span> <\/label>\n<\/p>\n<p><label> Query<br \/>\n<span class=\"wpcf7-form-control-wrap\" data-name=\"your-message\"><textarea cols=\"40\" rows=\"10\" maxlength=\"2000\" class=\"wpcf7-form-control wpcf7-textarea\" aria-invalid=\"false\" name=\"your-message\"><\/textarea><\/span> <\/label>\n<\/p>\n<div class=\"col-md-12\"  style=\"margin-bottom:20px;\">\n<span class=\"wpcf7-form-control-wrap recaptcha\" data-name=\"recaptcha\"><span data-sitekey=\"6LcNh54pAAAAAGPDWQlXarDh1KJFz2j_Q2FQ-opY\" class=\"wpcf7-form-control wpcf7-recaptcha g-recaptcha\"><\/span>\r\n<noscript>\r\n\t<div class=\"grecaptcha-noscript\">\r\n\t\t<iframe loading=\"lazy\" src=\"https:\/\/www.recaptcha.net\/recaptcha\/api\/fallback?k=6LcNh54pAAAAAGPDWQlXarDh1KJFz2j_Q2FQ-opY\" frameborder=\"0\" scrolling=\"no\" width=\"310\" height=\"430\">\r\n\t\t<\/iframe>\r\n\t\t<textarea name=\"g-recaptcha-response\" rows=\"3\" cols=\"40\" placeholder=\"reCaptcha Response Here\">\r\n\t\t<\/textarea>\r\n\t<\/div>\r\n<\/noscript>\r\n<\/span>\n<\/div>\n<p><input class=\"wpcf7-form-control wpcf7-submit has-spinner\" type=\"submit\" value=\"Submit\" \/>\n<\/p><div class=\"wpcf7-response-output\" aria-hidden=\"true\"><\/div>\n<\/form>\n<\/div>\n[\/vc_column][vc_column width=&#8221;1\/2&#8243;]<h4>Contact information<\/h4><div class=\"title-block-6\"><\/div>[vc_column_text el_class=&#8221;data-contacto&#8221; css=&#8221;.vc_custom_1511874136470{margin-bottom: 50px !important;}&#8221;]Click on any of the means of contact to make a direct query:<\/p>\n<p><span class=\"vc_icon_element-icon fa fa-mobile\"><a href=\"tel:0111540383223\">(011)15-4038-3223<\/a><\/span><\/p>\n<p><span class=\"vc_icon_element-icon fa fa-whatsapp\"><a href=\"http:\/\/api.whatsapp.com\/send?phone=5491154643407&amp;text=Hola!%20Quiero%20hacer%20una%20consulta\">(011)15-5464-3407<\/a><\/span><\/p>\n<p><span class=\"vc_icon_element-icon fa fa-envelope\"><a href=\"mailto:consultas@bahiamia.com.ar\">consultas@bahiamia.com.ar<\/a><\/span><\/p>\n<p><a href=\"https:\/\/www.facebook.com\/cabaniasbahiamia\" target=\"_blank\" rel=\"noopener\"><strong><img decoding=\"async\" src=\"http:\/\/bahiamia.com.ar\/bm\/wp-content\/uploads\/2017\/11\/facebook.png\" \/><\/strong><\/a><a href=\"https:\/\/www.instagram.com\/cabanasbahiamia\/\" target=\"_blank\" rel=\"noopener\"><strong><img decoding=\"async\" src=\"http:\/\/bahiamia.com.ar\/bm\/wp-content\/uploads\/2017\/11\/instagram.png\" \/><\/strong><\/a><a href=\"https:\/\/www.youtube.com\/channel\/UCPfjeqbaoTfo6pUrGazjckA\" target=\"_blank\" rel=\"noopener\"><strong><img decoding=\"async\" src=\"http:\/\/bahiamia.com.ar\/bm\/wp-content\/uploads\/2017\/11\/you-tube.png\" \/><\/strong><\/a>[\/vc_column_text]<h4>Useful data<\/h4><div class=\"title-block-6\"><\/div>[vc_tta_accordion active_section=&#8221;1&#8243;][vc_tta_section title=&#8221;Access routes&#8221; tab_id=&#8221;1511201632110-efaa1541-0576&#8243;][vc_column_text]<\/p>\n<ul>\n<li>From Neuqu\u00e9n City \/ Zapala: RP22 to Zapala. From there Provincial Route 13 passing through First Pines.<\/li>\n<li>From Alumin\u00e9: RP23.<\/li>\n<li>From Zapala to Pino Hachado: RP22 to the north passing through Las Lajas. Few kilometers before the Pino Hachado pass, take RP23 to the south.<\/li>\n<li>From Zapala &#8211; Winter Option: Provincial Route 46 to Rahu\u00e9. Then RP23 going through Alumin\u00e9 to join RP13 in the direction of the Villa.<\/li>\n<\/ul>\n<p>[\/vc_column_text][\/vc_tta_section][vc_tta_section title=&#8221;Nearby airports&#8221; tab_id=&#8221;1511201632144-0a30466b-5fef&#8221;][vc_column_text]<\/p>\n<ul>\n<li>Neuqu\u00e9n Capital<\/li>\n<li>San Martin de los Andes<\/li>\n<li>Bariloche<\/li>\n<\/ul>\n<p>[\/vc_column_text][\/vc_tta_section][vc_tta_section title=&#8221;Distances from Villa Pehuenia to:&#8221; tab_id=&#8221;1511201700797-b7fc695a-2011&#8243;][vc_column_text]<\/p>\n<ul>\n<li>Buenos Aires 1450 km<\/li>\n<li>Neuquen capital 305 km<\/li>\n<li>San Mart\u00edn de los Andes 200 km<\/li>\n<li>Bariloche 470 km<\/li>\n<li>Temuco (Chile) 150 km<\/li>\n<\/ul>\n<p>[\/vc_column_text][\/vc_tta_section][\/vc_tta_accordion][\/vc_column][\/vc_row][vc_row type=&#8221;full_width_section&#8221; bg_color=&#8221;#ffffff&#8221; top_padding=&#8221;0&#8243; bottom_padding=&#8221;0&#8243; top_margin=&#8221;0&#8243; bottom_margin=&#8221;30&#8243;][vc_column css=&#8221;.vc_custom_1507652632081{margin-top: 0px !important;margin-right: 0px !important;margin-bottom: 0px !important;margin-left: 0px !important;border-top-width: 0px !important;border-right-width: 0px !important;border-bottom-width: 0px !important;border-left-width: 0px !important;padding-top: 0px !important;padding-right: 0px !important;padding-bottom: 0px !important;padding-left: 0px !important;background-color: #1c1c1c !important;}&#8221;]<!-- BEGIN .content-wrapper-outer -->\n\t<section class=\".content-wrapper-outer clearfix call-to-action-1-section\" style=\"background:url() no-repeat center top;\">\n\n\t\t<div class=\"call-to-action-1-section-inner\">\n\n\t\t\t<h3>Book online now and enjoy a relaxing stay<\/h3>\n\t\t\t<a href=\"\/en\/bookings\" class=\"button0\">Book Now<i class=\"fa fa-angle-right\"><\/i><\/a>\n\n\t\t<\/div>\n\n\t<!-- END .content-wrapper-outer -->\n\t<\/section>[\/vc_column][\/vc_row][vc_row][vc_column][vc_empty_space height=&#8221;30px&#8221;][vc_column_text]<\/p>\n<h3 style=\"text-align: center;\"><strong>Location<\/strong><\/h3>\n<p style=\"text-align: center;\">See Routes Trafficability:\u00a0\u00a0<a href=\"http:\/\/www.dpvneuquen.gov.ar\/estadorutas.php\" target=\"_blank\" rel=\"noopener\">Provincial Road Directorate<\/a><\/p>\n<p style=\"text-align: center;\">Address: Paraje La Angostura, on Alumin\u00e9 Lake, Villa Pehuenia, Neuqu\u00e9n, Argentina.<\/p>\n<p style=\"text-align: center;\">GPS coordinates: -38.880982 \u00a0-71.205500<\/p>\n<p style=\"text-align: center;\"><a href=\"http:\/\/bahiamia.com.ar\/bm\/wp-content\/uploads\/2017\/11\/bahiamia-mapa-acceso.pdf\" target=\"_blank\" rel=\"noopener\">Download Map<\/a><\/p>\n<p><iframe loading=\"lazy\" src=\"https:\/\/www.google.com\/maps\/d\/embed?mid=18Xmwe5NAmHQHtWek-Ksy6rrmXJw1ud24\" width=\"100%\" height=\"400px\"><\/iframe>[\/vc_column_text][vc_empty_space height=&#8221;30px&#8221;][\/vc_column][\/vc_row]<\/p>\n<\/div>","protected":false},"excerpt":{"rendered":"<p>[vc_row][vc_column width=&#8221;1\/2&#8243;][vc_column_text]For any question, complete the following form:[\/vc_column_text][\/vc_column][vc_column width=&#8221;1\/2&#8243;][vc_column_text el_class=&#8221;data-contacto&#8221; css=&#8221;.vc_custom_1511874136470{margin-bottom: 50px !important;}&#8221;]Click on any of the means of contact to make a direct query: (011)15-4038-3223 (011)15-5464-3407 consultas@bahiamia.com.ar [\/vc_column_text][vc_tta_accordion active_section=&#8221;1&#8243;][vc_tta_section title=&#8221;Access routes&#8221; tab_id=&#8221;1511201632110-efaa1541-0576&#8243;][vc_column_text] From Neuqu\u00e9n City \/ Zapala: RP22 to Zapala. From there Provincial Route 13 passing through First Pines. From Alumin\u00e9: RP23. From Zapala<\/p>\n","protected":false},"author":1,"featured_media":0,"parent":0,"menu_order":0,"comment_status":"closed","ping_status":"closed","template":"","meta":{"footnotes":""},"class_list":["post-1122","page","type-page","status-publish","hentry"],"yoast_head":"<!-- This site is optimized with the Yoast SEO plugin v27.2 - https:\/\/yoast.com\/product\/yoast-seo-wordpress\/ -->\n<title>Contact - Caba\u00f1as Bah\u00edam\u00eda<\/title>\n<meta name=\"robots\" content=\"index, follow, max-snippet:-1, max-image-preview:large, max-video-preview:-1\" \/>\n<link rel=\"canonical\" href=\"https:\/\/bahiamia.com.ar\/en\/contact\/\" \/>\n<meta property=\"og:locale\" content=\"en_US\" \/>\n<meta property=\"og:type\" content=\"article\" \/>\n<meta property=\"og:title\" content=\"Contact - Caba\u00f1as Bah\u00edam\u00eda\" \/>\n<meta property=\"og:description\" content=\"[vc_row][vc_column width=&#8221;1\/2&#8243;][vc_column_text]For any question, complete the following form:[\/vc_column_text][\/vc_column][vc_column width=&#8221;1\/2&#8243;][vc_column_text el_class=&#8221;data-contacto&#8221; css=&#8221;.vc_custom_1511874136470{margin-bottom: 50px !important;}&#8221;]Click on any of the means of contact to make a direct query: (011)15-4038-3223 (011)15-5464-3407 consultas@bahiamia.com.ar [\/vc_column_text][vc_tta_accordion active_section=&#8221;1&#8243;][vc_tta_section title=&#8221;Access routes&#8221; tab_id=&#8221;1511201632110-efaa1541-0576&#8243;][vc_column_text] From Neuqu\u00e9n City \/ Zapala: RP22 to Zapala. From there Provincial Route 13 passing through First Pines. From Alumin\u00e9: RP23. From Zapala\" \/>\n<meta property=\"og:url\" content=\"https:\/\/bahiamia.com.ar\/en\/contact\/\" \/>\n<meta property=\"og:site_name\" content=\"Caba\u00f1as Bah\u00edam\u00eda\" \/>\n<meta property=\"article:publisher\" content=\"https:\/\/www.facebook.com\/cabaniasbahiamia\" \/>\n<meta property=\"article:modified_time\" content=\"2017-12-22T15:13:34+00:00\" \/>\n<meta property=\"og:image\" content=\"http:\/\/bahiamia.com.ar\/bm\/wp-content\/uploads\/2017\/11\/facebook.png\" \/>\n<meta name=\"twitter:card\" content=\"summary_large_image\" \/>\n<meta name=\"twitter:label1\" content=\"Est. reading time\" \/>\n\t<meta name=\"twitter:data1\" content=\"2 minutes\" \/>\n<script type=\"application\/ld+json\" class=\"yoast-schema-graph\">{\"@context\":\"https:\/\/schema.org\",\"@graph\":[{\"@type\":\"WebPage\",\"@id\":\"https:\/\/bahiamia.com.ar\/en\/contact\/\",\"url\":\"https:\/\/bahiamia.com.ar\/en\/contact\/\",\"name\":\"Contact - Caba\u00f1as Bah\u00edam\u00eda\",\"isPartOf\":{\"@id\":\"https:\/\/bahiamia.com.ar\/#website\"},\"primaryImageOfPage\":{\"@id\":\"https:\/\/bahiamia.com.ar\/en\/contact\/#primaryimage\"},\"image\":{\"@id\":\"https:\/\/bahiamia.com.ar\/en\/contact\/#primaryimage\"},\"thumbnailUrl\":\"http:\/\/bahiamia.com.ar\/bm\/wp-content\/uploads\/2017\/11\/facebook.png\",\"datePublished\":\"2017-11-28T13:07:36+00:00\",\"dateModified\":\"2017-12-22T15:13:34+00:00\",\"breadcrumb\":{\"@id\":\"https:\/\/bahiamia.com.ar\/en\/contact\/#breadcrumb\"},\"inLanguage\":\"en-US\",\"potentialAction\":[{\"@type\":\"ReadAction\",\"target\":[\"https:\/\/bahiamia.com.ar\/en\/contact\/\"]}]},{\"@type\":\"ImageObject\",\"inLanguage\":\"en-US\",\"@id\":\"https:\/\/bahiamia.com.ar\/en\/contact\/#primaryimage\",\"url\":\"http:\/\/bahiamia.com.ar\/bm\/wp-content\/uploads\/2017\/11\/facebook.png\",\"contentUrl\":\"http:\/\/bahiamia.com.ar\/bm\/wp-content\/uploads\/2017\/11\/facebook.png\"},{\"@type\":\"BreadcrumbList\",\"@id\":\"https:\/\/bahiamia.com.ar\/en\/contact\/#breadcrumb\",\"itemListElement\":[{\"@type\":\"ListItem\",\"position\":1,\"name\":\"Home\",\"item\":\"https:\/\/bahiamia.com.ar\/en\/\"},{\"@type\":\"ListItem\",\"position\":2,\"name\":\"Contact\"}]},{\"@type\":\"WebSite\",\"@id\":\"https:\/\/bahiamia.com.ar\/#website\",\"url\":\"https:\/\/bahiamia.com.ar\/\",\"name\":\"Caba\u00f1as Bah\u00edam\u00eda\",\"description\":\"Villa Pehuenia - Patagonia Argentina\",\"potentialAction\":[{\"@type\":\"SearchAction\",\"target\":{\"@type\":\"EntryPoint\",\"urlTemplate\":\"https:\/\/bahiamia.com.ar\/?s={search_term_string}\"},\"query-input\":{\"@type\":\"PropertyValueSpecification\",\"valueRequired\":true,\"valueName\":\"search_term_string\"}}],\"inLanguage\":\"en-US\"}]}<\/script>\n<!-- \/ Yoast SEO plugin. -->","yoast_head_json":{"title":"Contact - Caba\u00f1as Bah\u00edam\u00eda","robots":{"index":"index","follow":"follow","max-snippet":"max-snippet:-1","max-image-preview":"max-image-preview:large","max-video-preview":"max-video-preview:-1"},"canonical":"https:\/\/bahiamia.com.ar\/en\/contact\/","og_locale":"en_US","og_type":"article","og_title":"Contact - Caba\u00f1as Bah\u00edam\u00eda","og_description":"[vc_row][vc_column width=&#8221;1\/2&#8243;][vc_column_text]For any question, complete the following form:[\/vc_column_text][\/vc_column][vc_column width=&#8221;1\/2&#8243;][vc_column_text el_class=&#8221;data-contacto&#8221; css=&#8221;.vc_custom_1511874136470{margin-bottom: 50px !important;}&#8221;]Click on any of the means of contact to make a direct query: (011)15-4038-3223 (011)15-5464-3407 consultas@bahiamia.com.ar [\/vc_column_text][vc_tta_accordion active_section=&#8221;1&#8243;][vc_tta_section title=&#8221;Access routes&#8221; tab_id=&#8221;1511201632110-efaa1541-0576&#8243;][vc_column_text] From Neuqu\u00e9n City \/ Zapala: RP22 to Zapala. From there Provincial Route 13 passing through First Pines. From Alumin\u00e9: RP23. From Zapala","og_url":"https:\/\/bahiamia.com.ar\/en\/contact\/","og_site_name":"Caba\u00f1as Bah\u00edam\u00eda","article_publisher":"https:\/\/www.facebook.com\/cabaniasbahiamia","article_modified_time":"2017-12-22T15:13:34+00:00","og_image":[{"url":"http:\/\/bahiamia.com.ar\/bm\/wp-content\/uploads\/2017\/11\/facebook.png","type":"","width":"","height":""}],"twitter_card":"summary_large_image","twitter_misc":{"Est. reading time":"2 minutes"},"schema":{"@context":"https:\/\/schema.org","@graph":[{"@type":"WebPage","@id":"https:\/\/bahiamia.com.ar\/en\/contact\/","url":"https:\/\/bahiamia.com.ar\/en\/contact\/","name":"Contact - Caba\u00f1as Bah\u00edam\u00eda","isPartOf":{"@id":"https:\/\/bahiamia.com.ar\/#website"},"primaryImageOfPage":{"@id":"https:\/\/bahiamia.com.ar\/en\/contact\/#primaryimage"},"image":{"@id":"https:\/\/bahiamia.com.ar\/en\/contact\/#primaryimage"},"thumbnailUrl":"http:\/\/bahiamia.com.ar\/bm\/wp-content\/uploads\/2017\/11\/facebook.png","datePublished":"2017-11-28T13:07:36+00:00","dateModified":"2017-12-22T15:13:34+00:00","breadcrumb":{"@id":"https:\/\/bahiamia.com.ar\/en\/contact\/#breadcrumb"},"inLanguage":"en-US","potentialAction":[{"@type":"ReadAction","target":["https:\/\/bahiamia.com.ar\/en\/contact\/"]}]},{"@type":"ImageObject","inLanguage":"en-US","@id":"https:\/\/bahiamia.com.ar\/en\/contact\/#primaryimage","url":"http:\/\/bahiamia.com.ar\/bm\/wp-content\/uploads\/2017\/11\/facebook.png","contentUrl":"http:\/\/bahiamia.com.ar\/bm\/wp-content\/uploads\/2017\/11\/facebook.png"},{"@type":"BreadcrumbList","@id":"https:\/\/bahiamia.com.ar\/en\/contact\/#breadcrumb","itemListElement":[{"@type":"ListItem","position":1,"name":"Home","item":"https:\/\/bahiamia.com.ar\/en\/"},{"@type":"ListItem","position":2,"name":"Contact"}]},{"@type":"WebSite","@id":"https:\/\/bahiamia.com.ar\/#website","url":"https:\/\/bahiamia.com.ar\/","name":"Caba\u00f1as Bah\u00edam\u00eda","description":"Villa Pehuenia - Patagonia Argentina","potentialAction":[{"@type":"SearchAction","target":{"@type":"EntryPoint","urlTemplate":"https:\/\/bahiamia.com.ar\/?s={search_term_string}"},"query-input":{"@type":"PropertyValueSpecification","valueRequired":true,"valueName":"search_term_string"}}],"inLanguage":"en-US"}]}},"_links":{"self":[{"href":"https:\/\/bahiamia.com.ar\/en\/wp-json\/wp\/v2\/pages\/1122","targetHints":{"allow":["GET"]}}],"collection":[{"href":"https:\/\/bahiamia.com.ar\/en\/wp-json\/wp\/v2\/pages"}],"about":[{"href":"https:\/\/bahiamia.com.ar\/en\/wp-json\/wp\/v2\/types\/page"}],"author":[{"embeddable":true,"href":"https:\/\/bahiamia.com.ar\/en\/wp-json\/wp\/v2\/users\/1"}],"replies":[{"embeddable":true,"href":"https:\/\/bahiamia.com.ar\/en\/wp-json\/wp\/v2\/comments?post=1122"}],"version-history":[{"count":6,"href":"https:\/\/bahiamia.com.ar\/en\/wp-json\/wp\/v2\/pages\/1122\/revisions"}],"predecessor-version":[{"id":1187,"href":"https:\/\/bahiamia.com.ar\/en\/wp-json\/wp\/v2\/pages\/1122\/revisions\/1187"}],"wp:attachment":[{"href":"https:\/\/bahiamia.com.ar\/en\/wp-json\/wp\/v2\/media?parent=1122"}],"curies":[{"name":"wp","href":"https:\/\/api.w.org\/{rel}","templated":true}]}}